{"id":103,"date":"2021-01-23T11:53:20","date_gmt":"2021-01-23T10:53:20","guid":{"rendered":"http:\/\/xldem.fr\/?page_id=103"},"modified":"2021-01-24T11:59:49","modified_gmt":"2021-01-24T10:59:49","slug":"rubrique-4-vos-fournisseurs","status":"publish","type":"page","link":"https:\/\/xldem.fr\/?page_id=103","title":{"rendered":"Rubrique 4 : Vos fournisseurs"},"content":{"rendered":"\n<p>Lorsque vous d\u00e9m\u00e9nagez, il est primordial de communiquer votre nouvelle adresse.<br>Mais \u00e0 qui et comment\u00a0?<\/p>\n\n\n\n<p><\/p>\n\n\n\n<figure class=\"wp-block-image size-large\"><img loading=\"lazy\" width=\"960\" height=\"480\" src=\"http:\/\/xldem.fr\/wp-content\/uploads\/2021\/01\/42232674_540501373029240_5066915877077647360_o.png\" alt=\"\" class=\"wp-image-262\" srcset=\"https:\/\/xldem.fr\/wp-content\/uploads\/2021\/01\/42232674_540501373029240_5066915877077647360_o.png 960w, https:\/\/xldem.fr\/wp-content\/uploads\/2021\/01\/42232674_540501373029240_5066915877077647360_o-600x300.png 600w, https:\/\/xldem.fr\/wp-content\/uploads\/2021\/01\/42232674_540501373029240_5066915877077647360_o-300x150.png 300w, https:\/\/xldem.fr\/wp-content\/uploads\/2021\/01\/42232674_540501373029240_5066915877077647360_o-768x384.png 768w\" sizes=\"(max-width: 960px) 100vw, 960px\" \/><\/figure>\n\n\n\n<p><\/p>\n\n\n\n<p>Dans un premier temps, il faut transmettre ce changement aux organismes d\u2019Etat, notamment le centre des Imp\u00f4ts, P\u00f4le Emploi, diff\u00e9rentes caisses auxquelles vous \u00eates affili\u00e9, La Poste\u2026<br><br>Pour ce faire, un site g\u00e8re la quasi-totalit\u00e9 de ces organismes\u00a0: <a href=\"https:\/\/www.service-public.fr\/\" target=\"_blank\" rel=\"noreferrer noopener\">www.mon.service-public.fr<\/a><\/p>\n\n\n\n<p>Pour ce qui est de votre courrier, n\u2019oubliez pas de contacter La Poste, toutes leurs offres de suivi et changement d\u2019adresse sont disponibles sur leur site et en agence. \u00a0<br><br>Pour finir, voici les fournisseurs les plus fr\u00e9quents \u00e0 ne pas oublier de pr\u00e9venir\u00a0:<br><br>&#8211;\u00a0 Eau, Gaz et \u00e9lectricit\u00e9\u00a0: Pensez \u00e0 relever vos compteurs au d\u00e9part et n\u2019oubliez pas de vous r\u00e9abonner au nouveau domicile.<br>&#8211; Transf\u00e9rez vos abonnements fixe, box et mobile \u00e0 votre nouvelle adresse<br>&#8211; Rendez-vous en ligne sur le site de votre nouvelle pr\u00e9fecture pour faire changer votre adresse sur vos carte grise (obligatoire).<br>&#8211; Contactez votre mairie pour vous inscrire sur les listes \u00e9lectorales de votre nouveau domicile.<\/p>\n","protected":false},"excerpt":{"rendered":"<p>Lorsque vous d\u00e9m\u00e9nagez, il est primordial de communiquer votre nouvelle adresse.Mais \u00e0 qui et comment\u00a0? Dans un premier temps, il faut transmettre ce changement aux organismes d\u2019Etat, notamment le centre des Imp\u00f4ts, P\u00f4le Emploi, diff\u00e9rentes caisses auxquelles vous \u00eates affili\u00e9, La Poste\u2026 Pour ce faire, un site g\u00e8re la quasi-totalit\u00e9 de ces organismes\u00a0: www.mon.service-public.fr Pour<\/p><\/div>\n<div class=\"blog-btn\"><a href=\"https:\/\/xldem.fr\/?page_id=103\" class=\"home-blog-btn\">Lire la suite<\/a><\/p>\n","protected":false},"author":1,"featured_media":0,"parent":0,"menu_order":0,"comment_status":"closed","ping_status":"closed","template":"","meta":[],"yoast_head":"<!-- This site is optimized with the Yoast SEO plugin v17.8 - https:\/\/yoast.com\/wordpress\/plugins\/seo\/ -->\n<title>Rubrique 4 : Vos fournisseurs - XLDem<\/title>\n<meta name=\"robots\" content=\"index, follow, max-snippet:-1, max-image-preview:large, max-video-preview:-1\" \/>\n<link rel=\"canonical\" href=\"http:\/\/xldem.fr\/?page_id=103\" \/>\n<meta property=\"og:locale\" content=\"fr_FR\" \/>\n<meta property=\"og:type\" content=\"article\" \/>\n<meta property=\"og:title\" content=\"Rubrique 4 : Vos fournisseurs - XLDem\" \/>\n<meta property=\"og:description\" content=\"Lorsque vous d\u00e9m\u00e9nagez, il est primordial de communiquer votre nouvelle adresse.Mais \u00e0 qui et comment\u00a0? Dans un premier temps, il faut transmettre ce changement aux organismes d\u2019Etat, notamment le centre des Imp\u00f4ts, P\u00f4le Emploi, diff\u00e9rentes caisses auxquelles vous \u00eates affili\u00e9, La Poste\u2026 Pour ce faire, un site g\u00e8re la quasi-totalit\u00e9 de ces organismes\u00a0: www.mon.service-public.fr PourLire la suite\" \/>\n<meta property=\"og:url\" content=\"http:\/\/xldem.fr\/?page_id=103\" \/>\n<meta property=\"og:site_name\" content=\"XLDem\" \/>\n<meta property=\"article:publisher\" content=\"https:\/\/www.facebook.com\/eXceLDem69\" \/>\n<meta property=\"article:modified_time\" content=\"2021-01-24T10:59:49+00:00\" \/>\n<meta property=\"og:image\" content=\"http:\/\/xldem.fr\/wp-content\/uploads\/2021\/01\/42232674_540501373029240_5066915877077647360_o.png\" \/>\n<meta name=\"twitter:card\" content=\"summary_large_image\" \/>\n<meta name=\"twitter:label1\" content=\"Dur\u00e9e de lecture estim\u00e9e\" \/>\n\t<meta name=\"twitter:data1\" content=\"1 minute\" \/>\n<script type=\"application\/ld+json\" class=\"yoast-schema-graph\">{\"@context\":\"https:\/\/schema.org\",\"@graph\":[{\"@type\":\"Organization\",\"@id\":\"https:\/\/xldem.fr\/#organization\",\"name\":\"XL'DEM\",\"url\":\"https:\/\/xldem.fr\/\",\"sameAs\":[\"https:\/\/www.facebook.com\/eXceLDem69\"],\"logo\":{\"@type\":\"ImageObject\",\"@id\":\"https:\/\/xldem.fr\/#logo\",\"inLanguage\":\"fr-FR\",\"url\":\"https:\/\/xldem.fr\/wp-content\/uploads\/2021\/02\/xldem-logo-final-V2.jpg\",\"contentUrl\":\"https:\/\/xldem.fr\/wp-content\/uploads\/2021\/02\/xldem-logo-final-V2.jpg\",\"width\":1417,\"height\":1183,\"caption\":\"XL'DEM\"},\"image\":{\"@id\":\"https:\/\/xldem.fr\/#logo\"}},{\"@type\":\"WebSite\",\"@id\":\"https:\/\/xldem.fr\/#website\",\"url\":\"https:\/\/xldem.fr\/\",\"name\":\"XLDem\",\"description\":\"L&#039;eXcelLence \\u00e0 votre service !\",\"publisher\":{\"@id\":\"https:\/\/xldem.fr\/#organization\"},\"potentialAction\":[{\"@type\":\"SearchAction\",\"target\":{\"@type\":\"EntryPoint\",\"urlTemplate\":\"https:\/\/xldem.fr\/?s={search_term_string}\"},\"query-input\":\"required name=search_term_string\"}],\"inLanguage\":\"fr-FR\"},{\"@type\":\"ImageObject\",\"@id\":\"http:\/\/xldem.fr\/?page_id=103#primaryimage\",\"inLanguage\":\"fr-FR\",\"url\":\"http:\/\/xldem.fr\/wp-content\/uploads\/2021\/01\/42232674_540501373029240_5066915877077647360_o.png\",\"contentUrl\":\"http:\/\/xldem.fr\/wp-content\/uploads\/2021\/01\/42232674_540501373029240_5066915877077647360_o.png\"},{\"@type\":\"WebPage\",\"@id\":\"http:\/\/xldem.fr\/?page_id=103#webpage\",\"url\":\"http:\/\/xldem.fr\/?page_id=103\",\"name\":\"Rubrique 4 : Vos fournisseurs - XLDem\",\"isPartOf\":{\"@id\":\"https:\/\/xldem.fr\/#website\"},\"primaryImageOfPage\":{\"@id\":\"http:\/\/xldem.fr\/?page_id=103#primaryimage\"},\"datePublished\":\"2021-01-23T10:53:20+00:00\",\"dateModified\":\"2021-01-24T10:59:49+00:00\",\"breadcrumb\":{\"@id\":\"http:\/\/xldem.fr\/?page_id=103#breadcrumb\"},\"inLanguage\":\"fr-FR\",\"potentialAction\":[{\"@type\":\"ReadAction\",\"target\":[\"http:\/\/xldem.fr\/?page_id=103\"]}]},{\"@type\":\"BreadcrumbList\",\"@id\":\"http:\/\/xldem.fr\/?page_id=103#breadcrumb\",\"itemListElement\":[{\"@type\":\"ListItem\",\"position\":1,\"name\":\"Accueil\",\"item\":\"http:\/\/xldem.fr\/\"},{\"@type\":\"ListItem\",\"position\":2,\"name\":\"Rubrique 4 : Vos fournisseurs\"}]}]}<\/script>\n<!-- \/ Yoast SEO plugin. -->","yoast_head_json":{"title":"Rubrique 4 : Vos fournisseurs - XLDem","robots":{"index":"index","follow":"follow","max-snippet":"max-snippet:-1","max-image-preview":"max-image-preview:large","max-video-preview":"max-video-preview:-1"},"canonical":"http:\/\/xldem.fr\/?page_id=103","og_locale":"fr_FR","og_type":"article","og_title":"Rubrique 4 : Vos fournisseurs - XLDem","og_description":"Lorsque vous d\u00e9m\u00e9nagez, il est primordial de communiquer votre nouvelle adresse.Mais \u00e0 qui et comment\u00a0? Dans un premier temps, il faut transmettre ce changement aux organismes d\u2019Etat, notamment le centre des Imp\u00f4ts, P\u00f4le Emploi, diff\u00e9rentes caisses auxquelles vous \u00eates affili\u00e9, La Poste\u2026 Pour ce faire, un site g\u00e8re la quasi-totalit\u00e9 de ces organismes\u00a0: www.mon.service-public.fr PourLire la suite","og_url":"http:\/\/xldem.fr\/?page_id=103","og_site_name":"XLDem","article_publisher":"https:\/\/www.facebook.com\/eXceLDem69","article_modified_time":"2021-01-24T10:59:49+00:00","og_image":[{"url":"http:\/\/xldem.fr\/wp-content\/uploads\/2021\/01\/42232674_540501373029240_5066915877077647360_o.png"}],"twitter_card":"summary_large_image","twitter_misc":{"Dur\u00e9e de lecture estim\u00e9e":"1 minute"},"schema":{"@context":"https:\/\/schema.org","@graph":[{"@type":"Organization","@id":"https:\/\/xldem.fr\/#organization","name":"XL'DEM","url":"https:\/\/xldem.fr\/","sameAs":["https:\/\/www.facebook.com\/eXceLDem69"],"logo":{"@type":"ImageObject","@id":"https:\/\/xldem.fr\/#logo","inLanguage":"fr-FR","url":"https:\/\/xldem.fr\/wp-content\/uploads\/2021\/02\/xldem-logo-final-V2.jpg","contentUrl":"https:\/\/xldem.fr\/wp-content\/uploads\/2021\/02\/xldem-logo-final-V2.jpg","width":1417,"height":1183,"caption":"XL'DEM"},"image":{"@id":"https:\/\/xldem.fr\/#logo"}},{"@type":"WebSite","@id":"https:\/\/xldem.fr\/#website","url":"https:\/\/xldem.fr\/","name":"XLDem","description":"L&#039;eXcelLence \u00e0 votre service !","publisher":{"@id":"https:\/\/xldem.fr\/#organization"},"potentialAction":[{"@type":"SearchAction","target":{"@type":"EntryPoint","urlTemplate":"https:\/\/xldem.fr\/?s={search_term_string}"},"query-input":"required name=search_term_string"}],"inLanguage":"fr-FR"},{"@type":"ImageObject","@id":"http:\/\/xldem.fr\/?page_id=103#primaryimage","inLanguage":"fr-FR","url":"http:\/\/xldem.fr\/wp-content\/uploads\/2021\/01\/42232674_540501373029240_5066915877077647360_o.png","contentUrl":"http:\/\/xldem.fr\/wp-content\/uploads\/2021\/01\/42232674_540501373029240_5066915877077647360_o.png"},{"@type":"WebPage","@id":"http:\/\/xldem.fr\/?page_id=103#webpage","url":"http:\/\/xldem.fr\/?page_id=103","name":"Rubrique 4 : Vos fournisseurs - XLDem","isPartOf":{"@id":"https:\/\/xldem.fr\/#website"},"primaryImageOfPage":{"@id":"http:\/\/xldem.fr\/?page_id=103#primaryimage"},"datePublished":"2021-01-23T10:53:20+00:00","dateModified":"2021-01-24T10:59:49+00:00","breadcrumb":{"@id":"http:\/\/xldem.fr\/?page_id=103#breadcrumb"},"inLanguage":"fr-FR","potentialAction":[{"@type":"ReadAction","target":["http:\/\/xldem.fr\/?page_id=103"]}]},{"@type":"BreadcrumbList","@id":"http:\/\/xldem.fr\/?page_id=103#breadcrumb","itemListElement":[{"@type":"ListItem","position":1,"name":"Accueil","item":"http:\/\/xldem.fr\/"},{"@type":"ListItem","position":2,"name":"Rubrique 4 : Vos fournisseurs"}]}]}},"_links":{"self":[{"href":"https:\/\/xldem.fr\/index.php?rest_route=\/wp\/v2\/pages\/103"}],"collection":[{"href":"https:\/\/xldem.fr\/index.php?rest_route=\/wp\/v2\/pages"}],"about":[{"href":"https:\/\/xldem.fr\/index.php?rest_route=\/wp\/v2\/types\/page"}],"author":[{"embeddable":true,"href":"https:\/\/xldem.fr\/index.php?rest_route=\/wp\/v2\/users\/1"}],"replies":[{"embeddable":true,"href":"https:\/\/xldem.fr\/index.php?rest_route=%2Fwp%2Fv2%2Fcomments&post=103"}],"version-history":[{"count":6,"href":"https:\/\/xldem.fr\/index.php?rest_route=\/wp\/v2\/pages\/103\/revisions"}],"predecessor-version":[{"id":267,"href":"https:\/\/xldem.fr\/index.php?rest_route=\/wp\/v2\/pages\/103\/revisions\/267"}],"wp:attachment":[{"href":"https:\/\/xldem.fr\/index.php?rest_route=%2Fwp%2Fv2%2Fmedia&parent=103"}],"curies":[{"name":"wp","href":"https:\/\/api.w.org\/{rel}","templated":true}]}}