{"id":168,"date":"2021-01-24T09:34:43","date_gmt":"2021-01-24T08:34:43","guid":{"rendered":"http:\/\/xldem.fr\/?page_id=168"},"modified":"2021-01-24T09:39:39","modified_gmt":"2021-01-24T08:39:39","slug":"questions-frequentes","status":"publish","type":"page","link":"https:\/\/xldem.fr\/?page_id=168","title":{"rendered":"COVID19 et vous :"},"content":{"rendered":"\n<p><\/p>\n\n\n\n<h3>Peut-on encore d\u00e9m\u00e9nager en p\u00e9riode de couvre-feu ?<\/h3>\n\n\n\n<p>Vous \u00eates tout \u00e0 fait en droit de d\u00e9m\u00e9nager en cette p\u00e9riode particuli\u00e8re de crise sanitaire. Vous devez cependant respecter les horaires de couvre-feu.<\/p>\n\n\n\n<p><\/p>\n\n\n\n<h3>Dois-je faire appel \u00e0 une soci\u00e9t\u00e9 de d\u00e9m\u00e9nagement en p\u00e9riode de couvre-feu ?<\/h3>\n\n\n\n<p>Les soci\u00e9t\u00e9s de d\u00e9m\u00e9nagement, dans le cadre de leur activit\u00e9, ne sont pas soumises aux horaires de couvre-feu. Pour d\u00e9m\u00e9nager sans le stress de devoir respecter les heures de couvre-feu, vous pouvez donc faire appel \u00e0 ces professionnels qui prendront la responsabilit\u00e9 de vous conseiller au mieux pour votre d\u00e9m\u00e9nagement.<\/p>\n\n\n\n<p><\/p>\n\n\n\n<h3>Dois-je d\u00e9caler mon d\u00e9m\u00e9nagement apr\u00e8s la p\u00e9riode de couvre feu ?<\/h3>\n\n\n\n<p>Il n&rsquo;est pas n\u00e9cessaire de d\u00e9caler votre d\u00e9m\u00e9nagement pour le moment. Vous pouvez d\u00e9m\u00e9nager par vous-m\u00eame dans le respect des horaires de couvre-feu ou avec une soci\u00e9t\u00e9 de d\u00e9m\u00e9nagement qui peuvent d\u00e9m\u00e9nager \u00e0 n&rsquo;importe quelle heure gr\u00e2ce \u00e0 leur activit\u00e9. <br><em><span class=\"has-inline-color has-vivid-red-color\">Les d\u00e9cisions gouvernementales restent cependant incertaines pour les jours et semaines \u00e0 venir. <\/span><\/em><br>Nous vous conseillons donc de vous tenir au courant tr\u00e8s r\u00e9guli\u00e8rement des nouvelles dispositions prises pour endiguer la propagation du virus du Covid-19.<\/p>\n\n\n\n<p><\/p>\n\n\n\n<h3>Vous d\u00e9m\u00e9nagez : avez-vous besoin d&rsquo;une attestation de d\u00e9placement d\u00e9rogatoire ?<\/h3>\n\n\n\n<p>L&rsquo;attestation n&rsquo;est n\u00e9cessaire que dans le cas o\u00f9 votre d\u00e9m\u00e9nagement se terminerait apr\u00e8s le d\u00e9but du couvre-feu.<\/p>\n","protected":false},"excerpt":{"rendered":"<p>Peut-on encore d\u00e9m\u00e9nager en p\u00e9riode de couvre-feu ? Vous \u00eates tout \u00e0 fait en droit de d\u00e9m\u00e9nager en cette p\u00e9riode particuli\u00e8re de crise sanitaire. Vous devez cependant respecter les horaires de couvre-feu. Dois-je faire appel \u00e0 une soci\u00e9t\u00e9 de d\u00e9m\u00e9nagement en p\u00e9riode de couvre-feu ? Les soci\u00e9t\u00e9s de d\u00e9m\u00e9nagement, dans le cadre de leur activit\u00e9,<\/p><\/div>\n<div class=\"blog-btn\"><a href=\"https:\/\/xldem.fr\/?page_id=168\" class=\"home-blog-btn\">Lire la suite<\/a><\/p>\n","protected":false},"author":1,"featured_media":0,"parent":0,"menu_order":0,"comment_status":"closed","ping_status":"closed","template":"","meta":[],"yoast_head":"<!-- This site is optimized with the Yoast SEO plugin v17.8 - https:\/\/yoast.com\/wordpress\/plugins\/seo\/ -->\n<title>COVID19 et vous : - XLDem<\/title>\n<meta name=\"robots\" content=\"index, follow, max-snippet:-1, max-image-preview:large, max-video-preview:-1\" \/>\n<link rel=\"canonical\" href=\"http:\/\/xldem.fr\/?page_id=168\" \/>\n<meta property=\"og:locale\" content=\"fr_FR\" \/>\n<meta property=\"og:type\" content=\"article\" \/>\n<meta property=\"og:title\" content=\"COVID19 et vous : - XLDem\" \/>\n<meta property=\"og:description\" content=\"Peut-on encore d\u00e9m\u00e9nager en p\u00e9riode de couvre-feu ? Vous \u00eates tout \u00e0 fait en droit de d\u00e9m\u00e9nager en cette p\u00e9riode particuli\u00e8re de crise sanitaire. Vous devez cependant respecter les horaires de couvre-feu. Dois-je faire appel \u00e0 une soci\u00e9t\u00e9 de d\u00e9m\u00e9nagement en p\u00e9riode de couvre-feu ? Les soci\u00e9t\u00e9s de d\u00e9m\u00e9nagement, dans le cadre de leur activit\u00e9,Lire la suite\" \/>\n<meta property=\"og:url\" content=\"http:\/\/xldem.fr\/?page_id=168\" \/>\n<meta property=\"og:site_name\" content=\"XLDem\" \/>\n<meta property=\"article:publisher\" content=\"https:\/\/www.facebook.com\/eXceLDem69\" \/>\n<meta property=\"article:modified_time\" content=\"2021-01-24T08:39:39+00:00\" \/>\n<meta property=\"og:image\" content=\"https:\/\/xldem.fr\/wp-content\/uploads\/2021\/02\/xldem-logo-final-V2.jpg\" \/>\n\t<meta property=\"og:image:width\" content=\"1417\" \/>\n\t<meta property=\"og:image:height\" content=\"1183\" \/>\n<meta name=\"twitter:card\" content=\"summary_large_image\" \/>\n<meta name=\"twitter:label1\" content=\"Dur\u00e9e de lecture estim\u00e9e\" \/>\n\t<meta name=\"twitter:data1\" content=\"1 minute\" \/>\n<script type=\"application\/ld+json\" class=\"yoast-schema-graph\">{\"@context\":\"https:\/\/schema.org\",\"@graph\":[{\"@type\":\"Organization\",\"@id\":\"https:\/\/xldem.fr\/#organization\",\"name\":\"XL'DEM\",\"url\":\"https:\/\/xldem.fr\/\",\"sameAs\":[\"https:\/\/www.facebook.com\/eXceLDem69\"],\"logo\":{\"@type\":\"ImageObject\",\"@id\":\"https:\/\/xldem.fr\/#logo\",\"inLanguage\":\"fr-FR\",\"url\":\"https:\/\/xldem.fr\/wp-content\/uploads\/2021\/02\/xldem-logo-final-V2.jpg\",\"contentUrl\":\"https:\/\/xldem.fr\/wp-content\/uploads\/2021\/02\/xldem-logo-final-V2.jpg\",\"width\":1417,\"height\":1183,\"caption\":\"XL'DEM\"},\"image\":{\"@id\":\"https:\/\/xldem.fr\/#logo\"}},{\"@type\":\"WebSite\",\"@id\":\"https:\/\/xldem.fr\/#website\",\"url\":\"https:\/\/xldem.fr\/\",\"name\":\"XLDem\",\"description\":\"L&#039;eXcelLence \\u00e0 votre service !\",\"publisher\":{\"@id\":\"https:\/\/xldem.fr\/#organization\"},\"potentialAction\":[{\"@type\":\"SearchAction\",\"target\":{\"@type\":\"EntryPoint\",\"urlTemplate\":\"https:\/\/xldem.fr\/?s={search_term_string}\"},\"query-input\":\"required name=search_term_string\"}],\"inLanguage\":\"fr-FR\"},{\"@type\":\"WebPage\",\"@id\":\"http:\/\/xldem.fr\/?page_id=168#webpage\",\"url\":\"http:\/\/xldem.fr\/?page_id=168\",\"name\":\"COVID19 et vous : - XLDem\",\"isPartOf\":{\"@id\":\"https:\/\/xldem.fr\/#website\"},\"datePublished\":\"2021-01-24T08:34:43+00:00\",\"dateModified\":\"2021-01-24T08:39:39+00:00\",\"breadcrumb\":{\"@id\":\"http:\/\/xldem.fr\/?page_id=168#breadcrumb\"},\"inLanguage\":\"fr-FR\",\"potentialAction\":[{\"@type\":\"ReadAction\",\"target\":[\"http:\/\/xldem.fr\/?page_id=168\"]}]},{\"@type\":\"BreadcrumbList\",\"@id\":\"http:\/\/xldem.fr\/?page_id=168#breadcrumb\",\"itemListElement\":[{\"@type\":\"ListItem\",\"position\":1,\"name\":\"Accueil\",\"item\":\"http:\/\/xldem.fr\/\"},{\"@type\":\"ListItem\",\"position\":2,\"name\":\"COVID19 et vous :\"}]}]}<\/script>\n<!-- \/ Yoast SEO plugin. -->","yoast_head_json":{"title":"COVID19 et vous : - XLDem","robots":{"index":"index","follow":"follow","max-snippet":"max-snippet:-1","max-image-preview":"max-image-preview:large","max-video-preview":"max-video-preview:-1"},"canonical":"http:\/\/xldem.fr\/?page_id=168","og_locale":"fr_FR","og_type":"article","og_title":"COVID19 et vous : - XLDem","og_description":"Peut-on encore d\u00e9m\u00e9nager en p\u00e9riode de couvre-feu ? Vous \u00eates tout \u00e0 fait en droit de d\u00e9m\u00e9nager en cette p\u00e9riode particuli\u00e8re de crise sanitaire. Vous devez cependant respecter les horaires de couvre-feu. Dois-je faire appel \u00e0 une soci\u00e9t\u00e9 de d\u00e9m\u00e9nagement en p\u00e9riode de couvre-feu ? Les soci\u00e9t\u00e9s de d\u00e9m\u00e9nagement, dans le cadre de leur activit\u00e9,Lire la suite","og_url":"http:\/\/xldem.fr\/?page_id=168","og_site_name":"XLDem","article_publisher":"https:\/\/www.facebook.com\/eXceLDem69","article_modified_time":"2021-01-24T08:39:39+00:00","og_image":[{"width":1417,"height":1183,"url":"https:\/\/xldem.fr\/wp-content\/uploads\/2021\/02\/xldem-logo-final-V2.jpg","type":"image\/jpeg"}],"twitter_card":"summary_large_image","twitter_misc":{"Dur\u00e9e de lecture estim\u00e9e":"1 minute"},"schema":{"@context":"https:\/\/schema.org","@graph":[{"@type":"Organization","@id":"https:\/\/xldem.fr\/#organization","name":"XL'DEM","url":"https:\/\/xldem.fr\/","sameAs":["https:\/\/www.facebook.com\/eXceLDem69"],"logo":{"@type":"ImageObject","@id":"https:\/\/xldem.fr\/#logo","inLanguage":"fr-FR","url":"https:\/\/xldem.fr\/wp-content\/uploads\/2021\/02\/xldem-logo-final-V2.jpg","contentUrl":"https:\/\/xldem.fr\/wp-content\/uploads\/2021\/02\/xldem-logo-final-V2.jpg","width":1417,"height":1183,"caption":"XL'DEM"},"image":{"@id":"https:\/\/xldem.fr\/#logo"}},{"@type":"WebSite","@id":"https:\/\/xldem.fr\/#website","url":"https:\/\/xldem.fr\/","name":"XLDem","description":"L&#039;eXcelLence \u00e0 votre service !","publisher":{"@id":"https:\/\/xldem.fr\/#organization"},"potentialAction":[{"@type":"SearchAction","target":{"@type":"EntryPoint","urlTemplate":"https:\/\/xldem.fr\/?s={search_term_string}"},"query-input":"required name=search_term_string"}],"inLanguage":"fr-FR"},{"@type":"WebPage","@id":"http:\/\/xldem.fr\/?page_id=168#webpage","url":"http:\/\/xldem.fr\/?page_id=168","name":"COVID19 et vous : - XLDem","isPartOf":{"@id":"https:\/\/xldem.fr\/#website"},"datePublished":"2021-01-24T08:34:43+00:00","dateModified":"2021-01-24T08:39:39+00:00","breadcrumb":{"@id":"http:\/\/xldem.fr\/?page_id=168#breadcrumb"},"inLanguage":"fr-FR","potentialAction":[{"@type":"ReadAction","target":["http:\/\/xldem.fr\/?page_id=168"]}]},{"@type":"BreadcrumbList","@id":"http:\/\/xldem.fr\/?page_id=168#breadcrumb","itemListElement":[{"@type":"ListItem","position":1,"name":"Accueil","item":"http:\/\/xldem.fr\/"},{"@type":"ListItem","position":2,"name":"COVID19 et vous :"}]}]}},"_links":{"self":[{"href":"https:\/\/xldem.fr\/index.php?rest_route=\/wp\/v2\/pages\/168"}],"collection":[{"href":"https:\/\/xldem.fr\/index.php?rest_route=\/wp\/v2\/pages"}],"about":[{"href":"https:\/\/xldem.fr\/index.php?rest_route=\/wp\/v2\/types\/page"}],"author":[{"embeddable":true,"href":"https:\/\/xldem.fr\/index.php?rest_route=\/wp\/v2\/users\/1"}],"replies":[{"embeddable":true,"href":"https:\/\/xldem.fr\/index.php?rest_route=%2Fwp%2Fv2%2Fcomments&post=168"}],"version-history":[{"count":4,"href":"https:\/\/xldem.fr\/index.php?rest_route=\/wp\/v2\/pages\/168\/revisions"}],"predecessor-version":[{"id":174,"href":"https:\/\/xldem.fr\/index.php?rest_route=\/wp\/v2\/pages\/168\/revisions\/174"}],"wp:attachment":[{"href":"https:\/\/xldem.fr\/index.php?rest_route=%2Fwp%2Fv2%2Fmedia&parent=168"}],"curies":[{"name":"wp","href":"https:\/\/api.w.org\/{rel}","templated":true}]}}