{"id":280,"date":"2021-01-24T12:19:51","date_gmt":"2021-01-24T11:19:51","guid":{"rendered":"http:\/\/xldem.fr\/?page_id=280"},"modified":"2021-12-28T18:29:19","modified_gmt":"2021-12-28T17:29:19","slug":"garde-meubles-stockage","status":"publish","type":"page","link":"https:\/\/xldem.fr\/?page_id=280","title":{"rendered":"Garde-Meubles"},"content":{"rendered":"\n<div class=\"wp-block-image\"><figure class=\"aligncenter size-full is-resized\"><img loading=\"lazy\" src=\"https:\/\/xldem.fr\/wp-content\/uploads\/2021\/12\/81-comment-limiter-le-stress-d-un-dmnagement-201-1475686084-781x512-1.jpg\" alt=\"\" class=\"wp-image-589\" width=\"838\" height=\"550\" srcset=\"https:\/\/xldem.fr\/wp-content\/uploads\/2021\/12\/81-comment-limiter-le-stress-d-un-dmnagement-201-1475686084-781x512-1.jpg 781w, https:\/\/xldem.fr\/wp-content\/uploads\/2021\/12\/81-comment-limiter-le-stress-d-un-dmnagement-201-1475686084-781x512-1-300x197.jpg 300w, https:\/\/xldem.fr\/wp-content\/uploads\/2021\/12\/81-comment-limiter-le-stress-d-un-dmnagement-201-1475686084-781x512-1-768x503.jpg 768w, https:\/\/xldem.fr\/wp-content\/uploads\/2021\/12\/81-comment-limiter-le-stress-d-un-dmnagement-201-1475686084-781x512-1-600x393.jpg 600w\" sizes=\"(max-width: 838px) 100vw, 838px\" \/><\/figure><\/div>\n\n\n\n<p><\/p>\n\n\n\n<p>Particulier ou professionnel, vous avez besoin d&rsquo;un espace de stockage, permettant de conserver vos affaires de mani\u00e8re s\u00e9curis\u00e9e&nbsp;? <\/p>\n\n\n\n<p>Pour un d\u00e9m\u00e9nagement \u00e0 l&rsquo;\u00e9tranger, une r\u00e9novation, ou simplement du stockage, <a href=\"https:\/\/xldem.fr\/?page_id=13\" target=\"_blank\" rel=\"noreferrer noopener\">consultez-nous<\/a> \u00e0 tout moment !<\/p>\n\n\n\n<p>Notre entreprise poss\u00e8de un espace d\u00e9di\u00e9 de 600m3 en compte propre et g\u00e8re en externe vos besoins de stockage par le biais d&rsquo;un partenaire d&rsquo;envergure Nationale. <br>Quelle que soit le lieu de votre besoin, <strong><span class=\"has-inline-color has-vivid-red-color\">XL&rsquo;DEM<\/span><\/strong> saura vous apporter une r\u00e9ponse cibl\u00e9e pour votre recherche. <\/p>\n\n\n\n<p>Du stockage temporaire au stockage longue dur\u00e9e, nous trouverons la solution adapt\u00e9e \u00e0 votre projet.<\/p>\n\n\n\n<p><strong><span class=\"has-inline-color has-vivid-red-color\">XL&rsquo;DEM<\/span><\/strong> peut \u00e9galement g\u00e9rer le stockage de vos archives professionnelles.<\/p>\n\n\n\n<p><\/p>\n\n\n\n<h3>Les avantages de nous confier vos biens<\/h3>\n\n\n\n<ul><li>Un garde-meubles s\u00e9curis\u00e9 et surveill\u00e9 24h\/24 et 7j\/7 par code et portail d&rsquo;acc\u00e8s<\/li><li>Un acc\u00e8s gratuit \u00e0 tout moment <\/li><li>Un espace de stockage accessible proche des grands axes<\/li><li>600m3 de stockage disponibles et un partenariat d&rsquo;envergure nationale<\/li><li>Un service g\u00e9r\u00e9 en totalit\u00e9 par les \u00e9quipes de <strong><span class=\"has-inline-color has-vivid-red-color\">XL&rsquo;DEM<\/span><\/strong><\/li><\/ul>\n\n\n\n<p><\/p>\n","protected":false},"excerpt":{"rendered":"<p>Particulier ou professionnel, vous avez besoin d&rsquo;un espace de stockage, permettant de conserver vos affaires de mani\u00e8re s\u00e9curis\u00e9e&nbsp;? Pour un d\u00e9m\u00e9nagement \u00e0 l&rsquo;\u00e9tranger, une r\u00e9novation, ou simplement du stockage, consultez-nous \u00e0 tout moment ! Notre entreprise poss\u00e8de un espace d\u00e9di\u00e9 de 600m3 en compte propre et g\u00e8re en externe vos besoins de stockage par le<\/p><\/div>\n<div class=\"blog-btn\"><a href=\"https:\/\/xldem.fr\/?page_id=280\" class=\"home-blog-btn\">Lire la suite<\/a><\/p>\n","protected":false},"author":1,"featured_media":0,"parent":0,"menu_order":0,"comment_status":"closed","ping_status":"closed","template":"","meta":[],"yoast_head":"<!-- This site is optimized with the Yoast SEO plugin v17.8 - https:\/\/yoast.com\/wordpress\/plugins\/seo\/ -->\n<title>Garde-Meubles - XLDem<\/title>\n<meta name=\"robots\" content=\"index, follow, max-snippet:-1, max-image-preview:large, max-video-preview:-1\" \/>\n<link rel=\"canonical\" href=\"http:\/\/xldem.fr\/?page_id=280\" \/>\n<meta property=\"og:locale\" content=\"fr_FR\" \/>\n<meta property=\"og:type\" content=\"article\" \/>\n<meta property=\"og:title\" content=\"Garde-Meubles - XLDem\" \/>\n<meta property=\"og:description\" content=\"Particulier ou professionnel, vous avez besoin d&rsquo;un espace de stockage, permettant de conserver vos affaires de mani\u00e8re s\u00e9curis\u00e9e&nbsp;? Pour un d\u00e9m\u00e9nagement \u00e0 l&rsquo;\u00e9tranger, une r\u00e9novation, ou simplement du stockage, consultez-nous \u00e0 tout moment ! Notre entreprise poss\u00e8de un espace d\u00e9di\u00e9 de 600m3 en compte propre et g\u00e8re en externe vos besoins de stockage par leLire la suite\" \/>\n<meta property=\"og:url\" content=\"http:\/\/xldem.fr\/?page_id=280\" \/>\n<meta property=\"og:site_name\" content=\"XLDem\" \/>\n<meta property=\"article:publisher\" content=\"https:\/\/www.facebook.com\/eXceLDem69\" \/>\n<meta property=\"article:modified_time\" content=\"2021-12-28T17:29:19+00:00\" \/>\n<meta property=\"og:image\" content=\"https:\/\/xldem.fr\/wp-content\/uploads\/2021\/12\/81-comment-limiter-le-stress-d-un-dmnagement-201-1475686084-781x512-1.jpg\" \/>\n<meta name=\"twitter:card\" content=\"summary_large_image\" \/>\n<meta name=\"twitter:label1\" content=\"Dur\u00e9e de lecture estim\u00e9e\" \/>\n\t<meta name=\"twitter:data1\" content=\"1 minute\" \/>\n<script type=\"application\/ld+json\" class=\"yoast-schema-graph\">{\"@context\":\"https:\/\/schema.org\",\"@graph\":[{\"@type\":\"Organization\",\"@id\":\"https:\/\/xldem.fr\/#organization\",\"name\":\"XL'DEM\",\"url\":\"https:\/\/xldem.fr\/\",\"sameAs\":[\"https:\/\/www.facebook.com\/eXceLDem69\"],\"logo\":{\"@type\":\"ImageObject\",\"@id\":\"https:\/\/xldem.fr\/#logo\",\"inLanguage\":\"fr-FR\",\"url\":\"https:\/\/xldem.fr\/wp-content\/uploads\/2021\/02\/xldem-logo-final-V2.jpg\",\"contentUrl\":\"https:\/\/xldem.fr\/wp-content\/uploads\/2021\/02\/xldem-logo-final-V2.jpg\",\"width\":1417,\"height\":1183,\"caption\":\"XL'DEM\"},\"image\":{\"@id\":\"https:\/\/xldem.fr\/#logo\"}},{\"@type\":\"WebSite\",\"@id\":\"https:\/\/xldem.fr\/#website\",\"url\":\"https:\/\/xldem.fr\/\",\"name\":\"XLDem\",\"description\":\"L&#039;eXcelLence \\u00e0 votre service !\",\"publisher\":{\"@id\":\"https:\/\/xldem.fr\/#organization\"},\"potentialAction\":[{\"@type\":\"SearchAction\",\"target\":{\"@type\":\"EntryPoint\",\"urlTemplate\":\"https:\/\/xldem.fr\/?s={search_term_string}\"},\"query-input\":\"required name=search_term_string\"}],\"inLanguage\":\"fr-FR\"},{\"@type\":\"ImageObject\",\"@id\":\"http:\/\/xldem.fr\/?page_id=280#primaryimage\",\"inLanguage\":\"fr-FR\",\"url\":\"https:\/\/xldem.fr\/wp-content\/uploads\/2021\/12\/81-comment-limiter-le-stress-d-un-dmnagement-201-1475686084-781x512-1.jpg\",\"contentUrl\":\"https:\/\/xldem.fr\/wp-content\/uploads\/2021\/12\/81-comment-limiter-le-stress-d-un-dmnagement-201-1475686084-781x512-1.jpg\",\"width\":781,\"height\":512},{\"@type\":\"WebPage\",\"@id\":\"http:\/\/xldem.fr\/?page_id=280#webpage\",\"url\":\"http:\/\/xldem.fr\/?page_id=280\",\"name\":\"Garde-Meubles - XLDem\",\"isPartOf\":{\"@id\":\"https:\/\/xldem.fr\/#website\"},\"primaryImageOfPage\":{\"@id\":\"http:\/\/xldem.fr\/?page_id=280#primaryimage\"},\"datePublished\":\"2021-01-24T11:19:51+00:00\",\"dateModified\":\"2021-12-28T17:29:19+00:00\",\"breadcrumb\":{\"@id\":\"http:\/\/xldem.fr\/?page_id=280#breadcrumb\"},\"inLanguage\":\"fr-FR\",\"potentialAction\":[{\"@type\":\"ReadAction\",\"target\":[\"http:\/\/xldem.fr\/?page_id=280\"]}]},{\"@type\":\"BreadcrumbList\",\"@id\":\"http:\/\/xldem.fr\/?page_id=280#breadcrumb\",\"itemListElement\":[{\"@type\":\"ListItem\",\"position\":1,\"name\":\"Accueil\",\"item\":\"http:\/\/xldem.fr\/\"},{\"@type\":\"ListItem\",\"position\":2,\"name\":\"Garde-Meubles\"}]}]}<\/script>\n<!-- \/ Yoast SEO plugin. -->","yoast_head_json":{"title":"Garde-Meubles - XLDem","robots":{"index":"index","follow":"follow","max-snippet":"max-snippet:-1","max-image-preview":"max-image-preview:large","max-video-preview":"max-video-preview:-1"},"canonical":"http:\/\/xldem.fr\/?page_id=280","og_locale":"fr_FR","og_type":"article","og_title":"Garde-Meubles - XLDem","og_description":"Particulier ou professionnel, vous avez besoin d&rsquo;un espace de stockage, permettant de conserver vos affaires de mani\u00e8re s\u00e9curis\u00e9e&nbsp;? Pour un d\u00e9m\u00e9nagement \u00e0 l&rsquo;\u00e9tranger, une r\u00e9novation, ou simplement du stockage, consultez-nous \u00e0 tout moment ! Notre entreprise poss\u00e8de un espace d\u00e9di\u00e9 de 600m3 en compte propre et g\u00e8re en externe vos besoins de stockage par leLire la suite","og_url":"http:\/\/xldem.fr\/?page_id=280","og_site_name":"XLDem","article_publisher":"https:\/\/www.facebook.com\/eXceLDem69","article_modified_time":"2021-12-28T17:29:19+00:00","og_image":[{"url":"https:\/\/xldem.fr\/wp-content\/uploads\/2021\/12\/81-comment-limiter-le-stress-d-un-dmnagement-201-1475686084-781x512-1.jpg"}],"twitter_card":"summary_large_image","twitter_misc":{"Dur\u00e9e de lecture estim\u00e9e":"1 minute"},"schema":{"@context":"https:\/\/schema.org","@graph":[{"@type":"Organization","@id":"https:\/\/xldem.fr\/#organization","name":"XL'DEM","url":"https:\/\/xldem.fr\/","sameAs":["https:\/\/www.facebook.com\/eXceLDem69"],"logo":{"@type":"ImageObject","@id":"https:\/\/xldem.fr\/#logo","inLanguage":"fr-FR","url":"https:\/\/xldem.fr\/wp-content\/uploads\/2021\/02\/xldem-logo-final-V2.jpg","contentUrl":"https:\/\/xldem.fr\/wp-content\/uploads\/2021\/02\/xldem-logo-final-V2.jpg","width":1417,"height":1183,"caption":"XL'DEM"},"image":{"@id":"https:\/\/xldem.fr\/#logo"}},{"@type":"WebSite","@id":"https:\/\/xldem.fr\/#website","url":"https:\/\/xldem.fr\/","name":"XLDem","description":"L&#039;eXcelLence \u00e0 votre service !","publisher":{"@id":"https:\/\/xldem.fr\/#organization"},"potentialAction":[{"@type":"SearchAction","target":{"@type":"EntryPoint","urlTemplate":"https:\/\/xldem.fr\/?s={search_term_string}"},"query-input":"required name=search_term_string"}],"inLanguage":"fr-FR"},{"@type":"ImageObject","@id":"http:\/\/xldem.fr\/?page_id=280#primaryimage","inLanguage":"fr-FR","url":"https:\/\/xldem.fr\/wp-content\/uploads\/2021\/12\/81-comment-limiter-le-stress-d-un-dmnagement-201-1475686084-781x512-1.jpg","contentUrl":"https:\/\/xldem.fr\/wp-content\/uploads\/2021\/12\/81-comment-limiter-le-stress-d-un-dmnagement-201-1475686084-781x512-1.jpg","width":781,"height":512},{"@type":"WebPage","@id":"http:\/\/xldem.fr\/?page_id=280#webpage","url":"http:\/\/xldem.fr\/?page_id=280","name":"Garde-Meubles - XLDem","isPartOf":{"@id":"https:\/\/xldem.fr\/#website"},"primaryImageOfPage":{"@id":"http:\/\/xldem.fr\/?page_id=280#primaryimage"},"datePublished":"2021-01-24T11:19:51+00:00","dateModified":"2021-12-28T17:29:19+00:00","breadcrumb":{"@id":"http:\/\/xldem.fr\/?page_id=280#breadcrumb"},"inLanguage":"fr-FR","potentialAction":[{"@type":"ReadAction","target":["http:\/\/xldem.fr\/?page_id=280"]}]},{"@type":"BreadcrumbList","@id":"http:\/\/xldem.fr\/?page_id=280#breadcrumb","itemListElement":[{"@type":"ListItem","position":1,"name":"Accueil","item":"http:\/\/xldem.fr\/"},{"@type":"ListItem","position":2,"name":"Garde-Meubles"}]}]}},"_links":{"self":[{"href":"https:\/\/xldem.fr\/index.php?rest_route=\/wp\/v2\/pages\/280"}],"collection":[{"href":"https:\/\/xldem.fr\/index.php?rest_route=\/wp\/v2\/pages"}],"about":[{"href":"https:\/\/xldem.fr\/index.php?rest_route=\/wp\/v2\/types\/page"}],"author":[{"embeddable":true,"href":"https:\/\/xldem.fr\/index.php?rest_route=\/wp\/v2\/users\/1"}],"replies":[{"embeddable":true,"href":"https:\/\/xldem.fr\/index.php?rest_route=%2Fwp%2Fv2%2Fcomments&post=280"}],"version-history":[{"count":5,"href":"https:\/\/xldem.fr\/index.php?rest_route=\/wp\/v2\/pages\/280\/revisions"}],"predecessor-version":[{"id":665,"href":"https:\/\/xldem.fr\/index.php?rest_route=\/wp\/v2\/pages\/280\/revisions\/665"}],"wp:attachment":[{"href":"https:\/\/xldem.fr\/index.php?rest_route=%2Fwp%2Fv2%2Fmedia&parent=280"}],"curies":[{"name":"wp","href":"https:\/\/api.w.org\/{rel}","templated":true}]}}