{"id":345,"date":"2021-02-08T08:21:54","date_gmt":"2021-02-08T07:21:54","guid":{"rendered":"http:\/\/xldem.fr\/?page_id=345"},"modified":"2021-12-28T21:13:02","modified_gmt":"2021-12-28T20:13:02","slug":"charte-qualite-et-engagments","status":"publish","type":"page","link":"https:\/\/xldem.fr\/?page_id=345","title":{"rendered":"Qualit\u00e9 et Engagements"},"content":{"rendered":"\n<p>Notre entreprise se base sur une charte qualit\u00e9 r\u00e9alis\u00e9e en \u00e9quipe, faisant apparaitre les 9 points essentiels sur lesquels nous avons ax\u00e9 notre politique de travail et de satisfaction client. <\/p>\n\n\n\n<p>Notre charte compl\u00e8te et d\u00e9taill\u00e9e est disponible sur simple demande par mail \u00e0 l&rsquo;adresse : <a rel=\"noreferrer noopener\" href=\"mailto:xldem@outlook.fr\" target=\"_blank\">xldem@outlook.fr<\/a><\/p>\n\n\n\n<p>Disponible sur <a href=\"http:\/\/xldem.fr\/wp-content\/uploads\/2021\/02\/Charte-Ethique-v2021.pdf\" target=\"_blank\" rel=\"noreferrer noopener\">ce lien<\/a>, notre charte \u00e9thique initiant les valeurs de <strong><span class=\"has-inline-color has-vivid-red-color\">XL&rsquo;Dem<\/span><\/strong>.<\/p>\n\n\n\n<p>Egalement sur cette page, vous pouvez retrouver notre questionnaire satisfaction\u00a0<a rel=\"noreferrer noopener\" href=\"http:\/\/xldem.fr\/wp-content\/uploads\/2021\/02\/Enquete-Satisfaction-XLDEM-v2021.2.pdf\" target=\"_blank\">ici\u00a0<\/a>et le compl\u00e9ter si vous ne l\u2019avez pas d\u00e9j\u00e0 fait !<br><br>Retrouvez TOUTES les enqu\u00eates de satisfactions effectu\u00e9es (sauf refus de publication de la part de nos clients) suite \u00e0 la prise en charge des d\u00e9m\u00e9nagement par XL\u2019DEM et ses \u00e9quipes dans notre rubrique \u00ab\u00a0<a href=\"https:\/\/xldem.fr\/?page_id=458\" target=\"_blank\" rel=\"noreferrer noopener\">Archives<\/a>\u00ab\u00a0.<\/p>\n\n\n\n<figure class=\"wp-block-image size-large is-resized\"><img loading=\"lazy\" src=\"http:\/\/xldem.fr\/wp-content\/uploads\/2021\/02\/Engagements-et-qualite-v2-591x1024.jpg\" alt=\"\" class=\"wp-image-379\" width=\"940\" height=\"1628\" srcset=\"https:\/\/xldem.fr\/wp-content\/uploads\/2021\/02\/Engagements-et-qualite-v2-591x1024.jpg 591w, https:\/\/xldem.fr\/wp-content\/uploads\/2021\/02\/Engagements-et-qualite-v2-173x300.jpg 173w, https:\/\/xldem.fr\/wp-content\/uploads\/2021\/02\/Engagements-et-qualite-v2-768x1330.jpg 768w, https:\/\/xldem.fr\/wp-content\/uploads\/2021\/02\/Engagements-et-qualite-v2-600x1039.jpg 600w, https:\/\/xldem.fr\/wp-content\/uploads\/2021\/02\/Engagements-et-qualite-v2.jpg 868w\" sizes=\"(max-width: 940px) 100vw, 940px\" \/><\/figure>\n","protected":false},"excerpt":{"rendered":"<p>Notre entreprise se base sur une charte qualit\u00e9 r\u00e9alis\u00e9e en \u00e9quipe, faisant apparaitre les 9 points essentiels sur lesquels nous avons ax\u00e9 notre politique de travail et de satisfaction client. Notre charte compl\u00e8te et d\u00e9taill\u00e9e est disponible sur simple demande par mail \u00e0 l&rsquo;adresse : xldem@outlook.fr Disponible sur ce lien, notre charte \u00e9thique initiant les<\/p><\/div>\n<div class=\"blog-btn\"><a href=\"https:\/\/xldem.fr\/?page_id=345\" class=\"home-blog-btn\">Lire la suite<\/a><\/p>\n","protected":false},"author":1,"featured_media":0,"parent":0,"menu_order":0,"comment_status":"closed","ping_status":"closed","template":"","meta":[],"yoast_head":"<!-- This site is optimized with the Yoast SEO plugin v17.8 - https:\/\/yoast.com\/wordpress\/plugins\/seo\/ -->\n<title>Qualit\u00e9 et Engagements - XLDem<\/title>\n<meta name=\"robots\" content=\"index, follow, max-snippet:-1, max-image-preview:large, max-video-preview:-1\" \/>\n<link rel=\"canonical\" href=\"http:\/\/xldem.fr\/?page_id=345\" \/>\n<meta property=\"og:locale\" content=\"fr_FR\" \/>\n<meta property=\"og:type\" content=\"article\" \/>\n<meta property=\"og:title\" content=\"Qualit\u00e9 et Engagements - XLDem\" \/>\n<meta property=\"og:description\" content=\"Notre entreprise se base sur une charte qualit\u00e9 r\u00e9alis\u00e9e en \u00e9quipe, faisant apparaitre les 9 points essentiels sur lesquels nous avons ax\u00e9 notre politique de travail et de satisfaction client. Notre charte compl\u00e8te et d\u00e9taill\u00e9e est disponible sur simple demande par mail \u00e0 l&rsquo;adresse : xldem@outlook.fr Disponible sur ce lien, notre charte \u00e9thique initiant lesLire la suite\" \/>\n<meta property=\"og:url\" content=\"http:\/\/xldem.fr\/?page_id=345\" \/>\n<meta property=\"og:site_name\" content=\"XLDem\" \/>\n<meta property=\"article:publisher\" content=\"https:\/\/www.facebook.com\/eXceLDem69\" \/>\n<meta property=\"article:modified_time\" content=\"2021-12-28T20:13:02+00:00\" \/>\n<meta property=\"og:image\" content=\"http:\/\/xldem.fr\/wp-content\/uploads\/2021\/02\/Engagements-et-qualite-v2-591x1024.jpg\" \/>\n<meta name=\"twitter:card\" content=\"summary_large_image\" \/>\n<meta name=\"twitter:label1\" content=\"Dur\u00e9e de lecture estim\u00e9e\" \/>\n\t<meta name=\"twitter:data1\" content=\"1 minute\" \/>\n<script type=\"application\/ld+json\" class=\"yoast-schema-graph\">{\"@context\":\"https:\/\/schema.org\",\"@graph\":[{\"@type\":\"Organization\",\"@id\":\"https:\/\/xldem.fr\/#organization\",\"name\":\"XL'DEM\",\"url\":\"https:\/\/xldem.fr\/\",\"sameAs\":[\"https:\/\/www.facebook.com\/eXceLDem69\"],\"logo\":{\"@type\":\"ImageObject\",\"@id\":\"https:\/\/xldem.fr\/#logo\",\"inLanguage\":\"fr-FR\",\"url\":\"https:\/\/xldem.fr\/wp-content\/uploads\/2021\/02\/xldem-logo-final-V2.jpg\",\"contentUrl\":\"https:\/\/xldem.fr\/wp-content\/uploads\/2021\/02\/xldem-logo-final-V2.jpg\",\"width\":1417,\"height\":1183,\"caption\":\"XL'DEM\"},\"image\":{\"@id\":\"https:\/\/xldem.fr\/#logo\"}},{\"@type\":\"WebSite\",\"@id\":\"https:\/\/xldem.fr\/#website\",\"url\":\"https:\/\/xldem.fr\/\",\"name\":\"XLDem\",\"description\":\"L&#039;eXcelLence \\u00e0 votre service !\",\"publisher\":{\"@id\":\"https:\/\/xldem.fr\/#organization\"},\"potentialAction\":[{\"@type\":\"SearchAction\",\"target\":{\"@type\":\"EntryPoint\",\"urlTemplate\":\"https:\/\/xldem.fr\/?s={search_term_string}\"},\"query-input\":\"required name=search_term_string\"}],\"inLanguage\":\"fr-FR\"},{\"@type\":\"ImageObject\",\"@id\":\"http:\/\/xldem.fr\/?page_id=345#primaryimage\",\"inLanguage\":\"fr-FR\",\"url\":\"http:\/\/xldem.fr\/wp-content\/uploads\/2021\/02\/Engagements-et-qualite-v2-591x1024.jpg\",\"contentUrl\":\"http:\/\/xldem.fr\/wp-content\/uploads\/2021\/02\/Engagements-et-qualite-v2-591x1024.jpg\"},{\"@type\":\"WebPage\",\"@id\":\"http:\/\/xldem.fr\/?page_id=345#webpage\",\"url\":\"http:\/\/xldem.fr\/?page_id=345\",\"name\":\"Qualit\\u00e9 et Engagements - XLDem\",\"isPartOf\":{\"@id\":\"https:\/\/xldem.fr\/#website\"},\"primaryImageOfPage\":{\"@id\":\"http:\/\/xldem.fr\/?page_id=345#primaryimage\"},\"datePublished\":\"2021-02-08T07:21:54+00:00\",\"dateModified\":\"2021-12-28T20:13:02+00:00\",\"breadcrumb\":{\"@id\":\"http:\/\/xldem.fr\/?page_id=345#breadcrumb\"},\"inLanguage\":\"fr-FR\",\"potentialAction\":[{\"@type\":\"ReadAction\",\"target\":[\"http:\/\/xldem.fr\/?page_id=345\"]}]},{\"@type\":\"BreadcrumbList\",\"@id\":\"http:\/\/xldem.fr\/?page_id=345#breadcrumb\",\"itemListElement\":[{\"@type\":\"ListItem\",\"position\":1,\"name\":\"Accueil\",\"item\":\"http:\/\/xldem.fr\/\"},{\"@type\":\"ListItem\",\"position\":2,\"name\":\"Qualit\\u00e9 et Engagements\"}]}]}<\/script>\n<!-- \/ Yoast SEO plugin. -->","yoast_head_json":{"title":"Qualit\u00e9 et Engagements - XLDem","robots":{"index":"index","follow":"follow","max-snippet":"max-snippet:-1","max-image-preview":"max-image-preview:large","max-video-preview":"max-video-preview:-1"},"canonical":"http:\/\/xldem.fr\/?page_id=345","og_locale":"fr_FR","og_type":"article","og_title":"Qualit\u00e9 et Engagements - XLDem","og_description":"Notre entreprise se base sur une charte qualit\u00e9 r\u00e9alis\u00e9e en \u00e9quipe, faisant apparaitre les 9 points essentiels sur lesquels nous avons ax\u00e9 notre politique de travail et de satisfaction client. Notre charte compl\u00e8te et d\u00e9taill\u00e9e est disponible sur simple demande par mail \u00e0 l&rsquo;adresse : xldem@outlook.fr Disponible sur ce lien, notre charte \u00e9thique initiant lesLire la suite","og_url":"http:\/\/xldem.fr\/?page_id=345","og_site_name":"XLDem","article_publisher":"https:\/\/www.facebook.com\/eXceLDem69","article_modified_time":"2021-12-28T20:13:02+00:00","og_image":[{"url":"http:\/\/xldem.fr\/wp-content\/uploads\/2021\/02\/Engagements-et-qualite-v2-591x1024.jpg"}],"twitter_card":"summary_large_image","twitter_misc":{"Dur\u00e9e de lecture estim\u00e9e":"1 minute"},"schema":{"@context":"https:\/\/schema.org","@graph":[{"@type":"Organization","@id":"https:\/\/xldem.fr\/#organization","name":"XL'DEM","url":"https:\/\/xldem.fr\/","sameAs":["https:\/\/www.facebook.com\/eXceLDem69"],"logo":{"@type":"ImageObject","@id":"https:\/\/xldem.fr\/#logo","inLanguage":"fr-FR","url":"https:\/\/xldem.fr\/wp-content\/uploads\/2021\/02\/xldem-logo-final-V2.jpg","contentUrl":"https:\/\/xldem.fr\/wp-content\/uploads\/2021\/02\/xldem-logo-final-V2.jpg","width":1417,"height":1183,"caption":"XL'DEM"},"image":{"@id":"https:\/\/xldem.fr\/#logo"}},{"@type":"WebSite","@id":"https:\/\/xldem.fr\/#website","url":"https:\/\/xldem.fr\/","name":"XLDem","description":"L&#039;eXcelLence \u00e0 votre service !","publisher":{"@id":"https:\/\/xldem.fr\/#organization"},"potentialAction":[{"@type":"SearchAction","target":{"@type":"EntryPoint","urlTemplate":"https:\/\/xldem.fr\/?s={search_term_string}"},"query-input":"required name=search_term_string"}],"inLanguage":"fr-FR"},{"@type":"ImageObject","@id":"http:\/\/xldem.fr\/?page_id=345#primaryimage","inLanguage":"fr-FR","url":"http:\/\/xldem.fr\/wp-content\/uploads\/2021\/02\/Engagements-et-qualite-v2-591x1024.jpg","contentUrl":"http:\/\/xldem.fr\/wp-content\/uploads\/2021\/02\/Engagements-et-qualite-v2-591x1024.jpg"},{"@type":"WebPage","@id":"http:\/\/xldem.fr\/?page_id=345#webpage","url":"http:\/\/xldem.fr\/?page_id=345","name":"Qualit\u00e9 et Engagements - XLDem","isPartOf":{"@id":"https:\/\/xldem.fr\/#website"},"primaryImageOfPage":{"@id":"http:\/\/xldem.fr\/?page_id=345#primaryimage"},"datePublished":"2021-02-08T07:21:54+00:00","dateModified":"2021-12-28T20:13:02+00:00","breadcrumb":{"@id":"http:\/\/xldem.fr\/?page_id=345#breadcrumb"},"inLanguage":"fr-FR","potentialAction":[{"@type":"ReadAction","target":["http:\/\/xldem.fr\/?page_id=345"]}]},{"@type":"BreadcrumbList","@id":"http:\/\/xldem.fr\/?page_id=345#breadcrumb","itemListElement":[{"@type":"ListItem","position":1,"name":"Accueil","item":"http:\/\/xldem.fr\/"},{"@type":"ListItem","position":2,"name":"Qualit\u00e9 et Engagements"}]}]}},"_links":{"self":[{"href":"https:\/\/xldem.fr\/index.php?rest_route=\/wp\/v2\/pages\/345"}],"collection":[{"href":"https:\/\/xldem.fr\/index.php?rest_route=\/wp\/v2\/pages"}],"about":[{"href":"https:\/\/xldem.fr\/index.php?rest_route=\/wp\/v2\/types\/page"}],"author":[{"embeddable":true,"href":"https:\/\/xldem.fr\/index.php?rest_route=\/wp\/v2\/users\/1"}],"replies":[{"embeddable":true,"href":"https:\/\/xldem.fr\/index.php?rest_route=%2Fwp%2Fv2%2Fcomments&post=345"}],"version-history":[{"count":19,"href":"https:\/\/xldem.fr\/index.php?rest_route=\/wp\/v2\/pages\/345\/revisions"}],"predecessor-version":[{"id":678,"href":"https:\/\/xldem.fr\/index.php?rest_route=\/wp\/v2\/pages\/345\/revisions\/678"}],"wp:attachment":[{"href":"https:\/\/xldem.fr\/index.php?rest_route=%2Fwp%2Fv2%2Fmedia&parent=345"}],"curies":[{"name":"wp","href":"https:\/\/api.w.org\/{rel}","templated":true}]}}