{"id":637,"date":"2021-12-28T17:35:01","date_gmt":"2021-12-28T16:35:01","guid":{"rendered":"http:\/\/xldem.fr\/?page_id=637"},"modified":"2022-01-18T11:59:33","modified_gmt":"2022-01-18T10:59:33","slug":"notre-equipe","status":"publish","type":"page","link":"https:\/\/xldem.fr\/?page_id=637","title":{"rendered":"Nos \u00e9quipiers"},"content":{"rendered":"\n<p><\/p>\n\n\n\n<p><\/p>\n\n\n\n<div class=\"wp-block-image\"><figure class=\"aligncenter size-full is-resized\"><img loading=\"lazy\" src=\"https:\/\/xldem.fr\/wp-content\/uploads\/2021\/12\/lilly.jpeg\" alt=\"\" class=\"wp-image-638\" width=\"406\" height=\"287\" srcset=\"https:\/\/xldem.fr\/wp-content\/uploads\/2021\/12\/lilly.jpeg 833w, https:\/\/xldem.fr\/wp-content\/uploads\/2021\/12\/lilly-300x212.jpeg 300w, https:\/\/xldem.fr\/wp-content\/uploads\/2021\/12\/lilly-768x543.jpeg 768w, https:\/\/xldem.fr\/wp-content\/uploads\/2021\/12\/lilly-600x424.jpeg 600w\" sizes=\"(max-width: 406px) 100vw, 406px\" \/><\/figure><\/div>\n\n\n\n<p class=\"has-text-align-left\"><strong><span class=\"has-inline-color has-vivid-red-color\">Emilie<\/span><\/strong> : Notre Directrice Administrative et financi\u00e8re.<br>Aussi \u00e0 l&rsquo;aise avec une calculatrice qu&rsquo;au volant d&rsquo;un de nos camions, elle est votre interlocutrice privil\u00e9gi\u00e9e pour toute la partie administrative et comptable de l&rsquo;entreprise, ainsi que pour la mise en place de votre projet de d\u00e9m\u00e9nagement.<br><br><\/p>\n\n\n\n<p><\/p>\n\n\n\n<div class=\"wp-block-image\"><figure class=\"aligncenter size-full is-resized\"><img loading=\"lazy\" src=\"https:\/\/xldem.fr\/wp-content\/uploads\/2021\/12\/alexandre-1.jpg\" alt=\"\" class=\"wp-image-642\" width=\"236\" height=\"311\" srcset=\"https:\/\/xldem.fr\/wp-content\/uploads\/2021\/12\/alexandre-1.jpg 396w, https:\/\/xldem.fr\/wp-content\/uploads\/2021\/12\/alexandre-1-228x300.jpg 228w\" sizes=\"(max-width: 236px) 100vw, 236px\" \/><\/figure><\/div>\n\n\n\n<p class=\"has-text-align-left\"><strong><span class=\"has-inline-color has-vivid-red-color\">Alex<\/span> : <\/strong>Equipier d\u00e9m\u00e9nageur, chef d&rsquo;\u00e9quipe, chauffeur routier&#8230; Le couteau-Suisse de la soci\u00e9t\u00e9.<br>La fougue de sa jeunesse, aux petits soins pour nos clients, sa maitrise de la manutention n&rsquo;est plus \u00e0 prouver. V\u00e9ritable \u00ab\u00a0atout jeune\u00a0\u00bb, sa capacit\u00e9 d&rsquo;adaptation et ses id\u00e9es font de lui un \u00e9l\u00e9ment incontournable sur les chantiers.<br><br><\/p>\n\n\n\n<div class=\"wp-block-image\"><figure class=\"aligncenter size-large is-resized\"><img loading=\"lazy\" src=\"https:\/\/xldem.fr\/wp-content\/uploads\/2022\/01\/IMG-20220114-WA0034-829x1024.jpg\" alt=\"\" class=\"wp-image-748\" width=\"270\" height=\"333\" srcset=\"https:\/\/xldem.fr\/wp-content\/uploads\/2022\/01\/IMG-20220114-WA0034-829x1024.jpg 829w, https:\/\/xldem.fr\/wp-content\/uploads\/2022\/01\/IMG-20220114-WA0034-243x300.jpg 243w, https:\/\/xldem.fr\/wp-content\/uploads\/2022\/01\/IMG-20220114-WA0034-768x948.jpg 768w, https:\/\/xldem.fr\/wp-content\/uploads\/2022\/01\/IMG-20220114-WA0034-1244x1536.jpg 1244w, https:\/\/xldem.fr\/wp-content\/uploads\/2022\/01\/IMG-20220114-WA0034-600x741.jpg 600w, https:\/\/xldem.fr\/wp-content\/uploads\/2022\/01\/IMG-20220114-WA0034.jpg 1296w\" sizes=\"(max-width: 270px) 100vw, 270px\" \/><\/figure><\/div>\n\n\n\n<p><\/p>\n\n\n\n<p><strong><span class=\"has-inline-color has-vivid-red-color\">Phil<\/span><\/strong> : Parce qu&rsquo;il en faut un&#8230; Le boss de terrain.<br>23 ann\u00e9es d&rsquo;exp\u00e9rience dont 10 en d\u00e9m\u00e9nagement, il saura autant g\u00e9rer vos probl\u00e9matiques que trouver toutes les solutions adapt\u00e9es \u00e0 vos besoin. Vous le retrouverez quasiment sur tous les chantiers de l&rsquo;entreprise !<br><br><br><\/p>\n\n\n\n<div class=\"wp-block-image\"><figure class=\"aligncenter size-full is-resized\"><img loading=\"lazy\" src=\"https:\/\/xldem.fr\/wp-content\/uploads\/2021\/12\/valentin.jpg\" alt=\"\" class=\"wp-image-693\" width=\"231\" height=\"460\" srcset=\"https:\/\/xldem.fr\/wp-content\/uploads\/2021\/12\/valentin.jpg 514w, https:\/\/xldem.fr\/wp-content\/uploads\/2021\/12\/valentin-151x300.jpg 151w\" sizes=\"(max-width: 231px) 100vw, 231px\" \/><\/figure><\/div>\n\n\n\n<p><strong><span class=\"has-inline-color has-vivid-red-color\">Valentin<\/span><\/strong> : Dit \u00ab\u00a0Tintin\u00a0\u00bb, la pile \u00e9lectrique.<br>Casquette viss\u00e9e sur la t\u00eate, pour ne pas oublier de venir sur un chantier avec le camion (du v\u00e9cu !), de la manutention au chargement, il sait s&rsquo;adapter \u00e0 toutes les situations. Form\u00e9 sur le terrain, il n&rsquo;en est pas moins un atout essentiel ! <\/p>\n","protected":false},"excerpt":{"rendered":"<p>Emilie : Notre Directrice Administrative et financi\u00e8re.Aussi \u00e0 l&rsquo;aise avec une calculatrice qu&rsquo;au volant d&rsquo;un de nos camions, elle est votre interlocutrice privil\u00e9gi\u00e9e pour toute la partie administrative et comptable de l&rsquo;entreprise, ainsi que pour la mise en place de votre projet de d\u00e9m\u00e9nagement. Alex : Equipier d\u00e9m\u00e9nageur, chef d&rsquo;\u00e9quipe, chauffeur routier&#8230; Le couteau-Suisse de<\/p><\/div>\n<div class=\"blog-btn\"><a href=\"https:\/\/xldem.fr\/?page_id=637\" class=\"home-blog-btn\">Lire la suite<\/a><\/p>\n","protected":false},"author":1,"featured_media":0,"parent":0,"menu_order":0,"comment_status":"closed","ping_status":"closed","template":"","meta":[],"yoast_head":"<!-- This site is optimized with the Yoast SEO plugin v17.8 - https:\/\/yoast.com\/wordpress\/plugins\/seo\/ -->\n<title>Nos \u00e9quipiers - XLDem<\/title>\n<meta name=\"robots\" content=\"index, follow, max-snippet:-1, max-image-preview:large, max-video-preview:-1\" \/>\n<link rel=\"canonical\" href=\"https:\/\/xldem.fr\/?page_id=637\" \/>\n<meta property=\"og:locale\" content=\"fr_FR\" \/>\n<meta property=\"og:type\" content=\"article\" \/>\n<meta property=\"og:title\" content=\"Nos \u00e9quipiers - XLDem\" \/>\n<meta property=\"og:description\" content=\"Emilie : Notre Directrice Administrative et financi\u00e8re.Aussi \u00e0 l&rsquo;aise avec une calculatrice qu&rsquo;au volant d&rsquo;un de nos camions, elle est votre interlocutrice privil\u00e9gi\u00e9e pour toute la partie administrative et comptable de l&rsquo;entreprise, ainsi que pour la mise en place de votre projet de d\u00e9m\u00e9nagement. Alex : Equipier d\u00e9m\u00e9nageur, chef d&rsquo;\u00e9quipe, chauffeur routier&#8230; Le couteau-Suisse deLire la suite\" \/>\n<meta property=\"og:url\" content=\"https:\/\/xldem.fr\/?page_id=637\" \/>\n<meta property=\"og:site_name\" content=\"XLDem\" \/>\n<meta property=\"article:publisher\" content=\"https:\/\/www.facebook.com\/eXceLDem69\" \/>\n<meta property=\"article:modified_time\" content=\"2022-01-18T10:59:33+00:00\" \/>\n<meta property=\"og:image\" content=\"https:\/\/xldem.fr\/wp-content\/uploads\/2021\/12\/lilly.jpeg\" \/>\n<meta name=\"twitter:card\" content=\"summary_large_image\" \/>\n<meta name=\"twitter:label1\" content=\"Dur\u00e9e de lecture estim\u00e9e\" \/>\n\t<meta name=\"twitter:data1\" content=\"2 minutes\" \/>\n<script type=\"application\/ld+json\" class=\"yoast-schema-graph\">{\"@context\":\"https:\/\/schema.org\",\"@graph\":[{\"@type\":\"Organization\",\"@id\":\"https:\/\/xldem.fr\/#organization\",\"name\":\"XL'DEM\",\"url\":\"https:\/\/xldem.fr\/\",\"sameAs\":[\"https:\/\/www.facebook.com\/eXceLDem69\"],\"logo\":{\"@type\":\"ImageObject\",\"@id\":\"https:\/\/xldem.fr\/#logo\",\"inLanguage\":\"fr-FR\",\"url\":\"https:\/\/xldem.fr\/wp-content\/uploads\/2021\/02\/xldem-logo-final-V2.jpg\",\"contentUrl\":\"https:\/\/xldem.fr\/wp-content\/uploads\/2021\/02\/xldem-logo-final-V2.jpg\",\"width\":1417,\"height\":1183,\"caption\":\"XL'DEM\"},\"image\":{\"@id\":\"https:\/\/xldem.fr\/#logo\"}},{\"@type\":\"WebSite\",\"@id\":\"https:\/\/xldem.fr\/#website\",\"url\":\"https:\/\/xldem.fr\/\",\"name\":\"XLDem\",\"description\":\"L&#039;eXcelLence \\u00e0 votre service !\",\"publisher\":{\"@id\":\"https:\/\/xldem.fr\/#organization\"},\"potentialAction\":[{\"@type\":\"SearchAction\",\"target\":{\"@type\":\"EntryPoint\",\"urlTemplate\":\"https:\/\/xldem.fr\/?s={search_term_string}\"},\"query-input\":\"required name=search_term_string\"}],\"inLanguage\":\"fr-FR\"},{\"@type\":\"ImageObject\",\"@id\":\"https:\/\/xldem.fr\/?page_id=637#primaryimage\",\"inLanguage\":\"fr-FR\",\"url\":\"https:\/\/xldem.fr\/wp-content\/uploads\/2021\/12\/lilly.jpeg\",\"contentUrl\":\"https:\/\/xldem.fr\/wp-content\/uploads\/2021\/12\/lilly.jpeg\",\"width\":833,\"height\":589},{\"@type\":\"WebPage\",\"@id\":\"https:\/\/xldem.fr\/?page_id=637#webpage\",\"url\":\"https:\/\/xldem.fr\/?page_id=637\",\"name\":\"Nos \\u00e9quipiers - XLDem\",\"isPartOf\":{\"@id\":\"https:\/\/xldem.fr\/#website\"},\"primaryImageOfPage\":{\"@id\":\"https:\/\/xldem.fr\/?page_id=637#primaryimage\"},\"datePublished\":\"2021-12-28T16:35:01+00:00\",\"dateModified\":\"2022-01-18T10:59:33+00:00\",\"breadcrumb\":{\"@id\":\"https:\/\/xldem.fr\/?page_id=637#breadcrumb\"},\"inLanguage\":\"fr-FR\",\"potentialAction\":[{\"@type\":\"ReadAction\",\"target\":[\"https:\/\/xldem.fr\/?page_id=637\"]}]},{\"@type\":\"BreadcrumbList\",\"@id\":\"https:\/\/xldem.fr\/?page_id=637#breadcrumb\",\"itemListElement\":[{\"@type\":\"ListItem\",\"position\":1,\"name\":\"Accueil\",\"item\":\"http:\/\/xldem.fr\/\"},{\"@type\":\"ListItem\",\"position\":2,\"name\":\"Nos \\u00e9quipiers\"}]}]}<\/script>\n<!-- \/ Yoast SEO plugin. -->","yoast_head_json":{"title":"Nos \u00e9quipiers - XLDem","robots":{"index":"index","follow":"follow","max-snippet":"max-snippet:-1","max-image-preview":"max-image-preview:large","max-video-preview":"max-video-preview:-1"},"canonical":"https:\/\/xldem.fr\/?page_id=637","og_locale":"fr_FR","og_type":"article","og_title":"Nos \u00e9quipiers - XLDem","og_description":"Emilie : Notre Directrice Administrative et financi\u00e8re.Aussi \u00e0 l&rsquo;aise avec une calculatrice qu&rsquo;au volant d&rsquo;un de nos camions, elle est votre interlocutrice privil\u00e9gi\u00e9e pour toute la partie administrative et comptable de l&rsquo;entreprise, ainsi que pour la mise en place de votre projet de d\u00e9m\u00e9nagement. Alex : Equipier d\u00e9m\u00e9nageur, chef d&rsquo;\u00e9quipe, chauffeur routier&#8230; Le couteau-Suisse deLire la suite","og_url":"https:\/\/xldem.fr\/?page_id=637","og_site_name":"XLDem","article_publisher":"https:\/\/www.facebook.com\/eXceLDem69","article_modified_time":"2022-01-18T10:59:33+00:00","og_image":[{"url":"https:\/\/xldem.fr\/wp-content\/uploads\/2021\/12\/lilly.jpeg"}],"twitter_card":"summary_large_image","twitter_misc":{"Dur\u00e9e de lecture estim\u00e9e":"2 minutes"},"schema":{"@context":"https:\/\/schema.org","@graph":[{"@type":"Organization","@id":"https:\/\/xldem.fr\/#organization","name":"XL'DEM","url":"https:\/\/xldem.fr\/","sameAs":["https:\/\/www.facebook.com\/eXceLDem69"],"logo":{"@type":"ImageObject","@id":"https:\/\/xldem.fr\/#logo","inLanguage":"fr-FR","url":"https:\/\/xldem.fr\/wp-content\/uploads\/2021\/02\/xldem-logo-final-V2.jpg","contentUrl":"https:\/\/xldem.fr\/wp-content\/uploads\/2021\/02\/xldem-logo-final-V2.jpg","width":1417,"height":1183,"caption":"XL'DEM"},"image":{"@id":"https:\/\/xldem.fr\/#logo"}},{"@type":"WebSite","@id":"https:\/\/xldem.fr\/#website","url":"https:\/\/xldem.fr\/","name":"XLDem","description":"L&#039;eXcelLence \u00e0 votre service !","publisher":{"@id":"https:\/\/xldem.fr\/#organization"},"potentialAction":[{"@type":"SearchAction","target":{"@type":"EntryPoint","urlTemplate":"https:\/\/xldem.fr\/?s={search_term_string}"},"query-input":"required name=search_term_string"}],"inLanguage":"fr-FR"},{"@type":"ImageObject","@id":"https:\/\/xldem.fr\/?page_id=637#primaryimage","inLanguage":"fr-FR","url":"https:\/\/xldem.fr\/wp-content\/uploads\/2021\/12\/lilly.jpeg","contentUrl":"https:\/\/xldem.fr\/wp-content\/uploads\/2021\/12\/lilly.jpeg","width":833,"height":589},{"@type":"WebPage","@id":"https:\/\/xldem.fr\/?page_id=637#webpage","url":"https:\/\/xldem.fr\/?page_id=637","name":"Nos \u00e9quipiers - XLDem","isPartOf":{"@id":"https:\/\/xldem.fr\/#website"},"primaryImageOfPage":{"@id":"https:\/\/xldem.fr\/?page_id=637#primaryimage"},"datePublished":"2021-12-28T16:35:01+00:00","dateModified":"2022-01-18T10:59:33+00:00","breadcrumb":{"@id":"https:\/\/xldem.fr\/?page_id=637#breadcrumb"},"inLanguage":"fr-FR","potentialAction":[{"@type":"ReadAction","target":["https:\/\/xldem.fr\/?page_id=637"]}]},{"@type":"BreadcrumbList","@id":"https:\/\/xldem.fr\/?page_id=637#breadcrumb","itemListElement":[{"@type":"ListItem","position":1,"name":"Accueil","item":"http:\/\/xldem.fr\/"},{"@type":"ListItem","position":2,"name":"Nos \u00e9quipiers"}]}]}},"_links":{"self":[{"href":"https:\/\/xldem.fr\/index.php?rest_route=\/wp\/v2\/pages\/637"}],"collection":[{"href":"https:\/\/xldem.fr\/index.php?rest_route=\/wp\/v2\/pages"}],"about":[{"href":"https:\/\/xldem.fr\/index.php?rest_route=\/wp\/v2\/types\/page"}],"author":[{"embeddable":true,"href":"https:\/\/xldem.fr\/index.php?rest_route=\/wp\/v2\/users\/1"}],"replies":[{"embeddable":true,"href":"https:\/\/xldem.fr\/index.php?rest_route=%2Fwp%2Fv2%2Fcomments&post=637"}],"version-history":[{"count":18,"href":"https:\/\/xldem.fr\/index.php?rest_route=\/wp\/v2\/pages\/637\/revisions"}],"predecessor-version":[{"id":750,"href":"https:\/\/xldem.fr\/index.php?rest_route=\/wp\/v2\/pages\/637\/revisions\/750"}],"wp:attachment":[{"href":"https:\/\/xldem.fr\/index.php?rest_route=%2Fwp%2Fv2%2Fmedia&parent=637"}],"curies":[{"name":"wp","href":"https:\/\/api.w.org\/{rel}","templated":true}]}}