{"id":319,"date":"2021-01-24T20:44:16","date_gmt":"2021-01-24T19:44:16","guid":{"rendered":"http:\/\/xldem.fr\/?post_type=product&#038;p=319"},"modified":"2021-01-24T20:44:26","modified_gmt":"2021-01-24T19:44:26","slug":"carton-renforce-bouteilles-lot-de-5","status":"publish","type":"product","link":"https:\/\/xldem.fr\/?product=carton-renforce-bouteilles-lot-de-5","title":{"rendered":"Carton renforc\u00e9 bouteilles (Lot de 5)"},"content":{"rendered":"","protected":false},"excerpt":{"rendered":"<p>Carton \u00e9quip\u00e9 d&rsquo;un croisillon \u00ab\u00a0automatique\u00a0\u00bb.<br \/>\nPeut contenir 12 Bouteilles.<br \/>\nVendus par lot de 5 unit\u00e9s.<\/p>\n","protected":false},"featured_media":320,"comment_status":"open","ping_status":"closed","template":"","meta":[],"product_cat":[17],"product_tag":[25],"yoast_head":"<!-- This site is optimized with the Yoast SEO plugin v17.8 - https:\/\/yoast.com\/wordpress\/plugins\/seo\/ -->\n<title>Carton renforc\u00e9 bouteilles (Lot de 5) - XLDem<\/title>\n<meta name=\"robots\" content=\"index, follow, max-snippet:-1, max-image-preview:large, max-video-preview:-1\" \/>\n<link rel=\"canonical\" href=\"http:\/\/xldem.fr\/?product=carton-renforce-bouteilles-lot-de-5\" \/>\n<meta property=\"og:locale\" content=\"fr_FR\" \/>\n<meta property=\"og:type\" content=\"article\" \/>\n<meta property=\"og:title\" content=\"Carton renforc\u00e9 bouteilles (Lot de 5) - XLDem\" \/>\n<meta property=\"og:description\" content=\"Carton \u00e9quip\u00e9 d&#039;un croisillon &quot;automatique&quot;. Peut contenir 12 Bouteilles. Vendus par lot de 5 unit\u00e9s.\" \/>\n<meta property=\"og:url\" content=\"http:\/\/xldem.fr\/?product=carton-renforce-bouteilles-lot-de-5\" \/>\n<meta property=\"og:site_name\" content=\"XLDem\" \/>\n<meta property=\"article:publisher\" content=\"https:\/\/www.facebook.com\/eXceLDem69\" \/>\n<meta property=\"article:modified_time\" content=\"2021-01-24T19:44:26+00:00\" \/>\n<meta property=\"og:image\" content=\"https:\/\/xldem.fr\/wp-content\/uploads\/2021\/01\/15-CARTON-BOUTEILLE.jpg\" \/>\n\t<meta property=\"og:image:width\" content=\"800\" \/>\n\t<meta property=\"og:image:height\" content=\"807\" \/>\n<meta name=\"twitter:card\" content=\"summary_large_image\" \/>\n<script type=\"application\/ld+json\" class=\"yoast-schema-graph\">{\"@context\":\"https:\/\/schema.org\",\"@graph\":[{\"@type\":\"Organization\",\"@id\":\"https:\/\/xldem.fr\/#organization\",\"name\":\"XL'DEM\",\"url\":\"https:\/\/xldem.fr\/\",\"sameAs\":[\"https:\/\/www.facebook.com\/eXceLDem69\"],\"logo\":{\"@type\":\"ImageObject\",\"@id\":\"https:\/\/xldem.fr\/#logo\",\"inLanguage\":\"fr-FR\",\"url\":\"https:\/\/xldem.fr\/wp-content\/uploads\/2021\/02\/xldem-logo-final-V2.jpg\",\"contentUrl\":\"https:\/\/xldem.fr\/wp-content\/uploads\/2021\/02\/xldem-logo-final-V2.jpg\",\"width\":1417,\"height\":1183,\"caption\":\"XL'DEM\"},\"image\":{\"@id\":\"https:\/\/xldem.fr\/#logo\"}},{\"@type\":\"WebSite\",\"@id\":\"https:\/\/xldem.fr\/#website\",\"url\":\"https:\/\/xldem.fr\/\",\"name\":\"XLDem\",\"description\":\"L&#039;eXcelLence \\u00e0 votre service !\",\"publisher\":{\"@id\":\"https:\/\/xldem.fr\/#organization\"},\"potentialAction\":[{\"@type\":\"SearchAction\",\"target\":{\"@type\":\"EntryPoint\",\"urlTemplate\":\"https:\/\/xldem.fr\/?s={search_term_string}\"},\"query-input\":\"required name=search_term_string\"}],\"inLanguage\":\"fr-FR\"},{\"@type\":\"ImageObject\",\"@id\":\"http:\/\/xldem.fr\/?product=carton-renforce-bouteilles-lot-de-5#primaryimage\",\"inLanguage\":\"fr-FR\",\"url\":\"https:\/\/xldem.fr\/wp-content\/uploads\/2021\/01\/15-CARTON-BOUTEILLE.jpg\",\"contentUrl\":\"https:\/\/xldem.fr\/wp-content\/uploads\/2021\/01\/15-CARTON-BOUTEILLE.jpg\",\"width\":800,\"height\":807},{\"@type\":\"WebPage\",\"@id\":\"http:\/\/xldem.fr\/?product=carton-renforce-bouteilles-lot-de-5#webpage\",\"url\":\"http:\/\/xldem.fr\/?product=carton-renforce-bouteilles-lot-de-5\",\"name\":\"Carton renforc\\u00e9 bouteilles (Lot de 5) - XLDem\",\"isPartOf\":{\"@id\":\"https:\/\/xldem.fr\/#website\"},\"primaryImageOfPage\":{\"@id\":\"http:\/\/xldem.fr\/?product=carton-renforce-bouteilles-lot-de-5#primaryimage\"},\"datePublished\":\"2021-01-24T19:44:16+00:00\",\"dateModified\":\"2021-01-24T19:44:26+00:00\",\"breadcrumb\":{\"@id\":\"http:\/\/xldem.fr\/?product=carton-renforce-bouteilles-lot-de-5#breadcrumb\"},\"inLanguage\":\"fr-FR\",\"potentialAction\":[{\"@type\":\"ReadAction\",\"target\":[\"http:\/\/xldem.fr\/?product=carton-renforce-bouteilles-lot-de-5\"]}]},{\"@type\":\"BreadcrumbList\",\"@id\":\"http:\/\/xldem.fr\/?product=carton-renforce-bouteilles-lot-de-5#breadcrumb\",\"itemListElement\":[{\"@type\":\"ListItem\",\"position\":1,\"name\":\"Accueil\",\"item\":\"http:\/\/xldem.fr\/\"},{\"@type\":\"ListItem\",\"position\":2,\"name\":\"Boutique\",\"item\":\"http:\/\/xldem.fr\/?page_id=293\"},{\"@type\":\"ListItem\",\"position\":3,\"name\":\"Carton renforc\\u00e9 bouteilles (Lot de 5)\"}]}]}<\/script>\n<!-- \/ Yoast SEO plugin. -->","yoast_head_json":{"title":"Carton renforc\u00e9 bouteilles (Lot de 5) - XLDem","robots":{"index":"index","follow":"follow","max-snippet":"max-snippet:-1","max-image-preview":"max-image-preview:large","max-video-preview":"max-video-preview:-1"},"canonical":"http:\/\/xldem.fr\/?product=carton-renforce-bouteilles-lot-de-5","og_locale":"fr_FR","og_type":"article","og_title":"Carton renforc\u00e9 bouteilles (Lot de 5) - XLDem","og_description":"Carton \u00e9quip\u00e9 d'un croisillon \"automatique\". Peut contenir 12 Bouteilles. Vendus par lot de 5 unit\u00e9s.","og_url":"http:\/\/xldem.fr\/?product=carton-renforce-bouteilles-lot-de-5","og_site_name":"XLDem","article_publisher":"https:\/\/www.facebook.com\/eXceLDem69","article_modified_time":"2021-01-24T19:44:26+00:00","og_image":[{"width":800,"height":807,"url":"https:\/\/xldem.fr\/wp-content\/uploads\/2021\/01\/15-CARTON-BOUTEILLE.jpg","type":"image\/jpeg"}],"twitter_card":"summary_large_image","schema":{"@context":"https:\/\/schema.org","@graph":[{"@type":"Organization","@id":"https:\/\/xldem.fr\/#organization","name":"XL'DEM","url":"https:\/\/xldem.fr\/","sameAs":["https:\/\/www.facebook.com\/eXceLDem69"],"logo":{"@type":"ImageObject","@id":"https:\/\/xldem.fr\/#logo","inLanguage":"fr-FR","url":"https:\/\/xldem.fr\/wp-content\/uploads\/2021\/02\/xldem-logo-final-V2.jpg","contentUrl":"https:\/\/xldem.fr\/wp-content\/uploads\/2021\/02\/xldem-logo-final-V2.jpg","width":1417,"height":1183,"caption":"XL'DEM"},"image":{"@id":"https:\/\/xldem.fr\/#logo"}},{"@type":"WebSite","@id":"https:\/\/xldem.fr\/#website","url":"https:\/\/xldem.fr\/","name":"XLDem","description":"L&#039;eXcelLence \u00e0 votre service !","publisher":{"@id":"https:\/\/xldem.fr\/#organization"},"potentialAction":[{"@type":"SearchAction","target":{"@type":"EntryPoint","urlTemplate":"https:\/\/xldem.fr\/?s={search_term_string}"},"query-input":"required name=search_term_string"}],"inLanguage":"fr-FR"},{"@type":"ImageObject","@id":"http:\/\/xldem.fr\/?product=carton-renforce-bouteilles-lot-de-5#primaryimage","inLanguage":"fr-FR","url":"https:\/\/xldem.fr\/wp-content\/uploads\/2021\/01\/15-CARTON-BOUTEILLE.jpg","contentUrl":"https:\/\/xldem.fr\/wp-content\/uploads\/2021\/01\/15-CARTON-BOUTEILLE.jpg","width":800,"height":807},{"@type":"WebPage","@id":"http:\/\/xldem.fr\/?product=carton-renforce-bouteilles-lot-de-5#webpage","url":"http:\/\/xldem.fr\/?product=carton-renforce-bouteilles-lot-de-5","name":"Carton renforc\u00e9 bouteilles (Lot de 5) - XLDem","isPartOf":{"@id":"https:\/\/xldem.fr\/#website"},"primaryImageOfPage":{"@id":"http:\/\/xldem.fr\/?product=carton-renforce-bouteilles-lot-de-5#primaryimage"},"datePublished":"2021-01-24T19:44:16+00:00","dateModified":"2021-01-24T19:44:26+00:00","breadcrumb":{"@id":"http:\/\/xldem.fr\/?product=carton-renforce-bouteilles-lot-de-5#breadcrumb"},"inLanguage":"fr-FR","potentialAction":[{"@type":"ReadAction","target":["http:\/\/xldem.fr\/?product=carton-renforce-bouteilles-lot-de-5"]}]},{"@type":"BreadcrumbList","@id":"http:\/\/xldem.fr\/?product=carton-renforce-bouteilles-lot-de-5#breadcrumb","itemListElement":[{"@type":"ListItem","position":1,"name":"Accueil","item":"http:\/\/xldem.fr\/"},{"@type":"ListItem","position":2,"name":"Boutique","item":"http:\/\/xldem.fr\/?page_id=293"},{"@type":"ListItem","position":3,"name":"Carton renforc\u00e9 bouteilles (Lot de 5)"}]}]}},"_links":{"self":[{"href":"https:\/\/xldem.fr\/index.php?rest_route=\/wp\/v2\/product\/319"}],"collection":[{"href":"https:\/\/xldem.fr\/index.php?rest_route=\/wp\/v2\/product"}],"about":[{"href":"https:\/\/xldem.fr\/index.php?rest_route=\/wp\/v2\/types\/product"}],"replies":[{"embeddable":true,"href":"https:\/\/xldem.fr\/index.php?rest_route=%2Fwp%2Fv2%2Fcomments&post=319"}],"wp:featuredmedia":[{"embeddable":true,"href":"https:\/\/xldem.fr\/index.php?rest_route=\/wp\/v2\/media\/320"}],"wp:attachment":[{"href":"https:\/\/xldem.fr\/index.php?rest_route=%2Fwp%2Fv2%2Fmedia&parent=319"}],"wp:term":[{"taxonomy":"product_cat","embeddable":true,"href":"https:\/\/xldem.fr\/index.php?rest_route=%2Fwp%2Fv2%2Fproduct_cat&post=319"},{"taxonomy":"product_tag","embeddable":true,"href":"https:\/\/xldem.fr\/index.php?rest_route=%2Fwp%2Fv2%2Fproduct_tag&post=319"}],"curies":[{"name":"wp","href":"https:\/\/api.w.org\/{rel}","templated":true}]}}